{"id":75,"date":"2024-01-19T20:01:13","date_gmt":"2024-01-19T18:01:13","guid":{"rendered":"https:\/\/meidanmattila.fi\/?page_id=75"},"modified":"2026-01-03T10:16:00","modified_gmt":"2026-01-03T08:16:00","slug":"yhteystiedot","status":"publish","type":"page","link":"https:\/\/meidanmattila.fi\/index.php\/yhteystiedot\/","title":{"rendered":"YHTEYSTIEDOT"},"content":{"rendered":"\n<div class=\"wp-block-columns alignwide is-layout-flex wp-container-core-columns-is-layout-28f84493 wp-block-columns-is-layout-flex\">\n<div class=\"wp-block-column is-layout-flow wp-block-column-is-layout-flow\">\n<h2 class=\"wp-block-heading\">Hallitus 2026<\/h2>\n<\/div>\n\n\n\n<div class=\"wp-block-column is-layout-flow wp-block-column-is-layout-flow\">\n<p>P\u00e4ivi Kivist\u00f6 &#8211; puheenjohtaja<br>Vesa Lundberg &#8211; varapuheenjohtaja<br>Suvi Niemel\u00e4 &#8211; rahastonhoitaja<br>Petra Viitanen &#8211; sihteeri<br>Reea Lamberg &#8211; varasihteeri<br>Kristiina Merjamo<br>Aulis Marin<br>Iina Vittaniemi<\/p>\n<\/div>\n<\/div>\n\n\n\n<div class=\"wp-block-group is-nowrap is-layout-flex wp-container-core-group-is-layout-6c531013 wp-block-group-is-layout-flex\"><\/div>\n\n\n\n<div class=\"wp-block-group is-nowrap is-layout-flex wp-container-core-group-is-layout-6c531013 wp-block-group-is-layout-flex\"><\/div>\n\n\n\n<div class=\"wp-block-group is-nowrap is-layout-flex wp-container-core-group-is-layout-6c531013 wp-block-group-is-layout-flex\"><\/div>\n\n\n\n<div class=\"wp-block-columns alignwide is-layout-flex wp-container-core-columns-is-layout-28f84493 wp-block-columns-is-layout-flex\">\n<div class=\"wp-block-column is-layout-flow wp-block-column-is-layout-flow\">\n<p><strong>Mattilan Alueen Asukasyhdistys ry<\/strong><br>Suotie 3<br>04340 Tuusula<br>mattilan.asukasyhdistys@gmail.com <br>045 110 8902<br><br><a href=\"http:\/\/www.facebook.com\/meidanmattila\" target=\"_blank\" rel=\"noreferrer noopener\">Faceb<\/a><a href=\"http:\/\/www.facebook.com\/meidanmattila\">ook<\/a><br><a href=\"http:\/\/www.instagram.com\/meidanmattila\" target=\"_blank\" rel=\"noreferrer noopener\">Instagram<\/a><\/p>\n<\/div>\n\n\n\n<div class=\"wp-block-column is-layout-flow wp-block-column-is-layout-flow\">\n<p><\/p>\n<\/div>\n<\/div>\n\n\n\n<div class=\"wp-block-columns is-layout-flex wp-container-core-columns-is-layout-28f84493 wp-block-columns-is-layout-flex\">\n<div class=\"wp-block-column is-layout-flow wp-block-column-is-layout-flow\" style=\"flex-basis:100%\"><\/div>\n<\/div>\n","protected":false},"excerpt":{"rendered":"<p>Hallitus 2026 P\u00e4ivi Kivist\u00f6 &#8211; puheenjohtajaVesa Lundberg &#8211; varapuheenjohtajaSuvi Niemel\u00e4 &#8211; rahastonhoitajaPetra Viitanen &#8211; sihteeriReea Lamberg &#8211; varasihteeriKristiina MerjamoAulis MarinIina Vittaniemi Mattilan Alueen Asukasyhdistys rySuotie 304340 Tuusulamattilan.asukasyhdistys@gmail.com 045 110 8902 FacebookInstagram<\/p>\n","protected":false},"author":2,"featured_media":0,"parent":0,"menu_order":0,"comment_status":"closed","ping_status":"closed","template":"","meta":{"footnotes":""},"class_list":["post-75","page","type-page","status-publish","hentry"],"_links":{"self":[{"href":"https:\/\/meidanmattila.fi\/index.php\/wp-json\/wp\/v2\/pages\/75","targetHints":{"allow":["GET"]}}],"collection":[{"href":"https:\/\/meidanmattila.fi\/index.php\/wp-json\/wp\/v2\/pages"}],"about":[{"href":"https:\/\/meidanmattila.fi\/index.php\/wp-json\/wp\/v2\/types\/page"}],"author":[{"embeddable":true,"href":"https:\/\/meidanmattila.fi\/index.php\/wp-json\/wp\/v2\/users\/2"}],"replies":[{"embeddable":true,"href":"https:\/\/meidanmattila.fi\/index.php\/wp-json\/wp\/v2\/comments?post=75"}],"version-history":[{"count":4,"href":"https:\/\/meidanmattila.fi\/index.php\/wp-json\/wp\/v2\/pages\/75\/revisions"}],"predecessor-version":[{"id":119,"href":"https:\/\/meidanmattila.fi\/index.php\/wp-json\/wp\/v2\/pages\/75\/revisions\/119"}],"wp:attachment":[{"href":"https:\/\/meidanmattila.fi\/index.php\/wp-json\/wp\/v2\/media?parent=75"}],"curies":[{"name":"wp","href":"https:\/\/api.w.org\/{rel}","templated":true}]}}