{"id":84,"date":"2024-01-21T07:06:22","date_gmt":"2024-01-21T05:06:22","guid":{"rendered":"https:\/\/meidanmattila.fi\/?page_id=84"},"modified":"2026-01-03T10:14:20","modified_gmt":"2026-01-03T08:14:20","slug":"jasenedut","status":"publish","type":"page","link":"https:\/\/meidanmattila.fi\/index.php\/jasenedut\/","title":{"rendered":"J\u00c4SENEDUT"},"content":{"rendered":"\n<div class=\"wp-block-columns alignwide is-layout-flex wp-container-core-columns-is-layout-28f84493 wp-block-columns-is-layout-flex\">\n<div class=\"wp-block-column is-layout-flow wp-block-column-is-layout-flow\">\n<p><strong>J\u00e4senedut vuonna 2026<\/strong><br>J\u00e4senedut ovat saatavilla voimassa olevaa j\u00e4senkorttia n\u00e4ytt\u00e4m\u00e4ll\u00e4.<br>Huomioithan, ett\u00e4 j\u00e4senkortti on henkil\u00f6kohtainen.<\/p>\n<\/div>\n\n\n\n<div class=\"wp-block-column is-layout-flow wp-block-column-is-layout-flow\"><\/div>\n<\/div>\n\n\n\n<hr class=\"wp-block-separator has-alpha-channel-opacity\"\/>\n\n\n\n<div class=\"wp-block-columns alignwide is-layout-flex wp-container-core-columns-is-layout-28f84493 wp-block-columns-is-layout-flex\">\n<div class=\"wp-block-column is-layout-flow wp-block-column-is-layout-flow\">\n<p class=\"has-text-align-left\"><strong>Py\u00f6r\u00e4liike Lundberg<\/strong> <br>Santaniitynkatu 2, 04250 Kerava <br>puh. 09&nbsp;294 8456<br><a href=\"https:\/\/lundberg.fi\/\" target=\"_blank\" rel=\"noreferrer noopener\">https:\/\/lundberg.fi\/<\/a> <br><\/p>\n<\/div>\n\n\n\n<div class=\"wp-block-column is-layout-flow wp-block-column-is-layout-flow\">\n<p><strong>Normaalihintaisista tarvikkeista 5 % alennus.<\/strong><\/p>\n<\/div>\n<\/div>\n\n\n\n<hr class=\"wp-block-separator has-alpha-channel-opacity\"\/>\n\n\n\n<div class=\"wp-block-columns alignwide is-layout-flex wp-container-core-columns-is-layout-28f84493 wp-block-columns-is-layout-flex\">\n<div class=\"wp-block-column is-layout-flow wp-block-column-is-layout-flow\">\n<p><strong>Kroppar\u00e4\u00e4t\u00e4li Ulla-Maija Ikonen<\/strong><br>Pauluksenkuja 1, 04340 Tuusula<br>puh. 050 305 9609<\/p>\n<\/div>\n\n\n\n<div class=\"wp-block-column is-layout-flow wp-block-column-is-layout-flow\">\n<p><strong>Kalevalainen j\u00e4senkorjaushoito tai kraniosakraalihoito<\/strong><br><strong>hoidosta 10% alennus.<br><\/strong>Tietoa Kalevalaisesta j\u00e4senkorjauksesta: <a href=\"https:\/\/kansanlaakintaseura.fi\/kalevalainen-jasenkorjaus-hoitona\/\" target=\"_blank\" rel=\"noreferrer noopener\">https:\/\/kansanlaakintaseura.fi\/kalevalainen-jasenkorjaus-hoitona\/<\/a><\/p>\n<\/div>\n<\/div>\n\n\n\n<hr class=\"wp-block-separator has-alpha-channel-opacity\"\/>\n\n\n\n<div class=\"wp-block-columns alignwide is-layout-flex wp-container-core-columns-is-layout-28f84493 wp-block-columns-is-layout-flex\">\n<div class=\"wp-block-column is-layout-flow wp-block-column-is-layout-flow\">\n<p><strong>Aliina<\/strong><br>Kauppakaari 6, 04200 Kerava<br>puh. 050 448 5513<\/p>\n<\/div>\n\n\n\n<div class=\"wp-block-column is-layout-flow wp-block-column-is-layout-flow\">\n<p>Sisustus, vaatetus, lahjatavarat. Marimekko j\u00e4lleenmyyj\u00e4.<br><strong>10% alennus normaalihinnoista.<\/strong><\/p>\n<\/div>\n<\/div>\n\n\n\n<hr class=\"wp-block-separator has-alpha-channel-opacity\"\/>\n\n\n\n<div class=\"wp-block-columns alignwide is-layout-flex wp-container-core-columns-is-layout-28f84493 wp-block-columns-is-layout-flex\"><\/div>\n\n\n\n<div class=\"wp-block-columns alignwide is-layout-flex wp-container-core-columns-is-layout-28f84493 wp-block-columns-is-layout-flex\">\n<div class=\"wp-block-column is-layout-flow wp-block-column-is-layout-flow\"><\/div>\n\n\n\n<div class=\"wp-block-column is-layout-flow wp-block-column-is-layout-flow\"><\/div>\n<\/div>\n\n\n\n<p><\/p>\n","protected":false},"excerpt":{"rendered":"<p>J\u00e4senedut vuonna 2026J\u00e4senedut ovat saatavilla voimassa olevaa j\u00e4senkorttia n\u00e4ytt\u00e4m\u00e4ll\u00e4.Huomioithan, ett\u00e4 j\u00e4senkortti on henkil\u00f6kohtainen. Py\u00f6r\u00e4liike Lundberg Santaniitynkatu 2, 04250 Kerava puh. 09&nbsp;294 8456https:\/\/lundberg.fi\/ Normaalihintaisista tarvikkeista 5 % alennus. Kroppar\u00e4\u00e4t\u00e4li Ulla-Maija IkonenPauluksenkuja 1, 04340 Tuusulapuh. 050 305 9609 Kalevalainen j\u00e4senkorjaushoito tai kraniosakraalihoitohoidosta 10% alennus.Tietoa Kalevalaisesta j\u00e4senkorjauksesta: https:\/\/kansanlaakintaseura.fi\/kalevalainen-jasenkorjaus-hoitona\/ AliinaKauppakaari 6, 04200 Keravapuh. 050 448 5513 Sisustus, vaatetus, lahjatavarat. [&hellip;]<\/p>\n","protected":false},"author":2,"featured_media":0,"parent":0,"menu_order":0,"comment_status":"closed","ping_status":"closed","template":"","meta":{"footnotes":""},"class_list":["post-84","page","type-page","status-publish","hentry"],"_links":{"self":[{"href":"https:\/\/meidanmattila.fi\/index.php\/wp-json\/wp\/v2\/pages\/84","targetHints":{"allow":["GET"]}}],"collection":[{"href":"https:\/\/meidanmattila.fi\/index.php\/wp-json\/wp\/v2\/pages"}],"about":[{"href":"https:\/\/meidanmattila.fi\/index.php\/wp-json\/wp\/v2\/types\/page"}],"author":[{"embeddable":true,"href":"https:\/\/meidanmattila.fi\/index.php\/wp-json\/wp\/v2\/users\/2"}],"replies":[{"embeddable":true,"href":"https:\/\/meidanmattila.fi\/index.php\/wp-json\/wp\/v2\/comments?post=84"}],"version-history":[{"count":13,"href":"https:\/\/meidanmattila.fi\/index.php\/wp-json\/wp\/v2\/pages\/84\/revisions"}],"predecessor-version":[{"id":118,"href":"https:\/\/meidanmattila.fi\/index.php\/wp-json\/wp\/v2\/pages\/84\/revisions\/118"}],"wp:attachment":[{"href":"https:\/\/meidanmattila.fi\/index.php\/wp-json\/wp\/v2\/media?parent=84"}],"curies":[{"name":"wp","href":"https:\/\/api.w.org\/{rel}","templated":true}]}}